{"id":32,"date":"2014-10-23T18:08:41","date_gmt":"2014-10-23T18:08:41","guid":{"rendered":"http:\/\/demo.astoundify.com\/listify\/?page_id=32"},"modified":"2016-01-23T17:54:18","modified_gmt":"2016-01-23T17:54:18","slug":"submit-listing","status":"publish","type":"page","link":"https:\/\/ruralma.es\/index.php\/submit-listing\/","title":{"rendered":"Publica tu oferta"},"content":{"rendered":"<form action=\"\/index.php\/wp-json\/wp\/v2\/pages\/32\" method=\"post\" id=\"submit-job-form\" class=\"job-manager-form\" enctype=\"multipart\/form-data\">\n\n\t\n\t\n\t\t\t<fieldset>\n\t\t<label>\u00bfTienes una cuenta?<\/label>\n\t\t<div class=\"field account-sign-in\">\n\t\t\t<a class=\"button\" href=\"https:\/\/ruralma.es\/wp-login.php?redirect_to=https%3A%2F%2Fruralma.es%2Findex.php%2Fsubmit-listing%2F\">Iniciar Sesi\u00f3n<\/a>\n\n\t\t\t\n\t\t\t\tSi usted no tiene una cuenta puedes crear una de abajo introduciendo su direcci\u00f3n de correo electr\u00f3nico \/ nombre de usuario. Los datos de su registro ser\u00e1 confirmado por correo electr\u00f3nico.\n\t\t\t\t\t<\/div>\n\t<\/fieldset>\n\t\t\t\t\t<fieldset>\n\t\t\t<label>Su correo electr\u00f3nico <\/label>\n\t\t\t<div class=\"field\">\n\t\t\t\t<input type=\"email\" class=\"input-text\" name=\"create_account_email\" id=\"account_email\" placeholder=\"tu@tudominio.com\" value=\"\" \/>\n\t\t\t<\/div>\n\t\t<\/fieldset>\n\t\t\t\n\n\t\n\t\n\t\t<!-- Job Information Fields -->\n\t\t\n\t\t\t\t\t<fieldset class=\"fieldset-job_title\">\n\t\t\t\t<label for=\"job_title\">T\u00edtulo<\/label>\n\t\t\t\t<div class=\"field required-field\">\n\t\t\t\t\t<input type=\"text\" class=\"input-text\" name=\"job_title\" id=\"job_title\" placeholder=\"\" value=\"\" maxlength=\"\" required \/>\n\t\t\t\t<\/div>\n\t\t\t<\/fieldset>\n\t\t\t\t\t<fieldset class=\"fieldset-job_location\">\n\t\t\t\t<label for=\"job_location\">Ubicaci\u00f3n <small>(opcional)<\/small><\/label>\n\t\t\t\t<div class=\"field \">\n\t\t\t\t\t<input type=\"text\" class=\"input-text\" name=\"job_location\" id=\"job_location\" placeholder=\"Ej. \\&#039;Barcelona\\&#039;\" value=\"\" maxlength=\"\"  \/>\n<small class=\"description\">Deje en blanco si la ubicaci\u00f3n no es importante<\/small>\t\t\t\t<\/div>\n\t\t\t<\/fieldset>\n\t\t\t\t\t<fieldset class=\"fieldset-application\">\n\t\t\t\t<label for=\"application\">email\/URL de Contacto<\/label>\n\t\t\t\t<div class=\"field required-field\">\n\t\t\t\t\t<input type=\"text\" class=\"input-text\" name=\"application\" id=\"application\" placeholder=\"Introduzca una direcci\u00f3n de correo electr\u00f3nico o p\u00e1gina web URL\" value=\"\" maxlength=\"\" required \/>\n\t\t\t\t<\/div>\n\t\t\t<\/fieldset>\n\t\t\t\t\t<fieldset class=\"fieldset-job_region\">\n\t\t\t\t<label for=\"job_region\">Oferta Regi\u00f3n<\/label>\n\t\t\t\t<div class=\"field required-field\">\n\t\t\t\t\t<select  name='job_region' id='job_region' class='postform'>\n\t<option class=\"level-0\" value=\"54\">Andaluc\u00eda<\/option>\n\t<option class=\"level-0\" value=\"56\">Arag\u00f3n<\/option>\n\t<option class=\"level-0\" value=\"62\">Asturias<\/option>\n\t<option class=\"level-0\" value=\"65\">Canarias<\/option>\n\t<option class=\"level-0\" value=\"67\">Cantabria<\/option>\n\t<option class=\"level-0\" value=\"53\">Castilla y Le\u00f3n<\/option>\n\t<option class=\"level-0\" value=\"55\">Castilla-La Mancha<\/option>\n\t<option class=\"level-0\" value=\"58\">Catalu\u00f1a<\/option>\n\t<option class=\"level-0\" value=\"70\">Ceuta<\/option>\n\t<option class=\"level-0\" value=\"64\">Comunidad de Madrid<\/option>\n\t<option class=\"level-0\" value=\"60\">Comunidad Valenciana<\/option>\n\t<option class=\"level-0\" value=\"57\">Extremadura<\/option>\n\t<option class=\"level-0\" value=\"59\">Galicia<\/option>\n\t<option class=\"level-0\" value=\"69\">Islas Baleares<\/option>\n\t<option class=\"level-0\" value=\"68\">La Rioja<\/option>\n\t<option class=\"level-0\" value=\"71\">Melilla<\/option>\n\t<option class=\"level-0\" value=\"61\">Murcia<\/option>\n\t<option class=\"level-0\" value=\"63\">Navarra<\/option>\n\t<option class=\"level-0\" value=\"66\">Pa\u00eds Vasco<\/option>\n<\/select>\n\t\t\t\t<\/div>\n\t\t\t<\/fieldset>\n\t\t\t\t\t<fieldset class=\"fieldset-job_category\">\n\t\t\t\t<label for=\"job_category\">Oferta Categor\u00eda<\/label>\n\t\t\t\t<div class=\"field required-field\">\n\t\t\t\t\t<select name='job_category[]' id='job_category' class='job-manager-category-dropdown ' multiple='multiple' data-placeholder='Elija una categor\u00eda' data-no_results_text='No results match' data-multiple_text='Select Some Options'>\n\t<option class=\"level-0\" value=\"72\">Aceites y Vinagres<\/option>\n\t<option class=\"level-0\" value=\"80\">Alojamiento<\/option>\n\t<option class=\"level-1\" value=\"73\">&nbsp;&nbsp;&nbsp;Agroturismo<\/option>\n\t<option class=\"level-1\" value=\"81\">&nbsp;&nbsp;&nbsp;Albergue<\/option>\n\t<option class=\"level-1\" value=\"92\">&nbsp;&nbsp;&nbsp;Alojamiento Rural Independiente<\/option>\n\t<option class=\"level-1\" value=\"82\">&nbsp;&nbsp;&nbsp;Apartamentos rurales<\/option>\n\t<option class=\"level-1\" value=\"96\">&nbsp;&nbsp;&nbsp;Balneario<\/option>\n\t<option class=\"level-1\" value=\"83\">&nbsp;&nbsp;&nbsp;Camping<\/option>\n\t<option class=\"level-1\" value=\"93\">&nbsp;&nbsp;&nbsp;Casa de poble<\/option>\n\t<option class=\"level-1\" value=\"84\">&nbsp;&nbsp;&nbsp;Casa Rural de Alojamiento Compartido<\/option>\n\t<option class=\"level-1\" value=\"85\">&nbsp;&nbsp;&nbsp;Casa Rural de Alquiler<\/option>\n\t<option class=\"level-1\" value=\"86\">&nbsp;&nbsp;&nbsp;Casa Rural por Habitaciones<\/option>\n\t<option class=\"level-1\" value=\"87\">&nbsp;&nbsp;&nbsp;Centro de Turismo Rural<\/option>\n\t<option class=\"level-1\" value=\"97\">&nbsp;&nbsp;&nbsp;Cigarral<\/option>\n\t<option class=\"level-1\" value=\"88\">&nbsp;&nbsp;&nbsp;Hospeder\u00eda<\/option>\n\t<option class=\"level-1\" value=\"89\">&nbsp;&nbsp;&nbsp;Hotel Rural<\/option>\n\t<option class=\"level-1\" value=\"90\">&nbsp;&nbsp;&nbsp;Hotel Singular<\/option>\n\t<option class=\"level-1\" value=\"91\">&nbsp;&nbsp;&nbsp;Mas\u00eda<\/option>\n\t<option class=\"level-1\" value=\"94\">&nbsp;&nbsp;&nbsp;Parador<\/option>\n\t<option class=\"level-1\" value=\"95\">&nbsp;&nbsp;&nbsp;Posada<\/option>\n\t<option class=\"level-0\" value=\"74\">Conservas<\/option>\n\t<option class=\"level-0\" value=\"75\">Embutidos<\/option>\n\t<option class=\"level-0\" value=\"79\">Granja<\/option>\n\t<option class=\"level-0\" value=\"76\">Peque\u00f1os productores de comida<\/option>\n\t<option class=\"level-1\" value=\"77\">&nbsp;&nbsp;&nbsp;Quesos<\/option>\n\t<option class=\"level-0\" value=\"78\">Setas<\/option>\n<\/select>\n\t\t\t\t<\/div>\n\t\t\t<\/fieldset>\n\t\t\t\t\t<fieldset class=\"fieldset-job_hours\">\n\t\t\t\t<label for=\"job_hours\">Horas de Trabajo <small>(opcional)<\/small><\/label>\n\t\t\t\t<div class=\"field \">\n\t\t\t\t\t\n<table>\n\t<tr>\n\t\t<th width=\"40%\">&nbsp;<\/th>\n\t\t<th align=\"left\">Abierto<\/th>\n\t\t<th align=\"left\">Cerrado<\/th>\n\t<\/tr>\n\n\t\t\t<tr>\n\t\t\t<td align=\"left\">lunes<\/td>\n\t\t\t<td align=\"left\" class=\"business-hour\"><input type=\"text\" class=\"timepicker\" name=\"job_hours[1][start]\" value=\"\" class=\"regular-text\" \/><\/td>\n\t\t\t<td align=\"left\" class=\"business-hour\"><input type=\"text\" class=\"timepicker\" name=\"job_hours[1][end]\" value=\"\" class=\"regular-text\" \/><\/td>\n\t\t<\/tr>\n\t\t\t<tr>\n\t\t\t<td align=\"left\">martes<\/td>\n\t\t\t<td align=\"left\" class=\"business-hour\"><input type=\"text\" class=\"timepicker\" name=\"job_hours[2][start]\" value=\"\" class=\"regular-text\" \/><\/td>\n\t\t\t<td align=\"left\" class=\"business-hour\"><input type=\"text\" class=\"timepicker\" name=\"job_hours[2][end]\" value=\"\" class=\"regular-text\" \/><\/td>\n\t\t<\/tr>\n\t\t\t<tr>\n\t\t\t<td align=\"left\">mi\u00e9rcoles<\/td>\n\t\t\t<td align=\"left\" class=\"business-hour\"><input type=\"text\" class=\"timepicker\" name=\"job_hours[3][start]\" value=\"\" class=\"regular-text\" \/><\/td>\n\t\t\t<td align=\"left\" class=\"business-hour\"><input type=\"text\" class=\"timepicker\" name=\"job_hours[3][end]\" value=\"\" class=\"regular-text\" \/><\/td>\n\t\t<\/tr>\n\t\t\t<tr>\n\t\t\t<td align=\"left\">jueves<\/td>\n\t\t\t<td align=\"left\" class=\"business-hour\"><input type=\"text\" class=\"timepicker\" name=\"job_hours[4][start]\" value=\"\" class=\"regular-text\" \/><\/td>\n\t\t\t<td align=\"left\" class=\"business-hour\"><input type=\"text\" class=\"timepicker\" name=\"job_hours[4][end]\" value=\"\" class=\"regular-text\" \/><\/td>\n\t\t<\/tr>\n\t\t\t<tr>\n\t\t\t<td align=\"left\">viernes<\/td>\n\t\t\t<td align=\"left\" class=\"business-hour\"><input type=\"text\" class=\"timepicker\" name=\"job_hours[5][start]\" value=\"\" class=\"regular-text\" \/><\/td>\n\t\t\t<td align=\"left\" class=\"business-hour\"><input type=\"text\" class=\"timepicker\" name=\"job_hours[5][end]\" value=\"\" class=\"regular-text\" \/><\/td>\n\t\t<\/tr>\n\t\t\t<tr>\n\t\t\t<td align=\"left\">s\u00e1bado<\/td>\n\t\t\t<td align=\"left\" class=\"business-hour\"><input type=\"text\" class=\"timepicker\" name=\"job_hours[6][start]\" value=\"\" class=\"regular-text\" \/><\/td>\n\t\t\t<td align=\"left\" class=\"business-hour\"><input type=\"text\" class=\"timepicker\" name=\"job_hours[6][end]\" value=\"\" class=\"regular-text\" \/><\/td>\n\t\t<\/tr>\n\t\t\t<tr>\n\t\t\t<td align=\"left\">domingo<\/td>\n\t\t\t<td align=\"left\" class=\"business-hour\"><input type=\"text\" class=\"timepicker\" name=\"job_hours[0][start]\" value=\"\" class=\"regular-text\" \/><\/td>\n\t\t\t<td align=\"left\" class=\"business-hour\"><input type=\"text\" class=\"timepicker\" name=\"job_hours[0][end]\" value=\"\" class=\"regular-text\" \/><\/td>\n\t\t<\/tr>\n\t<\/table>\n\t\t\t\t<\/div>\n\t\t\t<\/fieldset>\n\t\t\t\t\t<fieldset class=\"fieldset-featured_image\">\n\t\t\t\t<label for=\"featured_image\">Imagen de Portada <small>(opcional)<\/small><\/label>\n\t\t\t\t<div class=\"field \">\n\t\t\t\t\t<div class=\"job-manager-uploaded-files\">\n\t<\/div>\n\n<input type=\"file\" class=\"input-text wp-job-manager-file-upload\" data-file_types=\"jpg|jpeg|gif|png\"  name=\"featured_image\" id=\"featured_image\" placeholder=\"\" \/>\n<small class=\"description\">\n\t\t\tTama\u00f1o m\u00e1ximo del archivo:1 GB\t<\/small>\t\t\t\t<\/div>\n\t\t\t<\/fieldset>\n\t\t\t\t\t<fieldset class=\"fieldset-gallery_images\">\n\t\t\t\t<label for=\"gallery_images\">Im\u00e1genes de la Galer\u00eda <small>(opcional)<\/small><\/label>\n\t\t\t\t<div class=\"field \">\n\t\t\t\t\t<div class=\"job-manager-uploaded-files\">\n\t<\/div>\n\n<input type=\"file\" class=\"input-text wp-job-manager-file-upload\" data-file_types=\"jpg|jpeg|gif|png\" multiple name=\"gallery_images[]\" id=\"gallery_images\" placeholder=\"\" \/>\n<small class=\"description\">\n\t\t\tTama\u00f1o m\u00e1ximo del archivo:1 GB\t<\/small>\t\t\t\t<\/div>\n\t\t\t<\/fieldset>\n\t\t\t\t\t<fieldset class=\"fieldset-job_description\">\n\t\t\t\t<label for=\"job_description\">Descripci\u00f3n<\/label>\n\t\t\t\t<div class=\"field required-field\">\n\t\t\t\t\t<div id=\"wp-job_description-wrap\" class=\"wp-core-ui wp-editor-wrap tmce-active\"><link rel='stylesheet' id='dashicons-css' href='https:\/\/ruralma.es\/wp-includes\/css\/dashicons.min.css?ver=6.9.4' type='text\/css' media='all' \/>\n<link rel='stylesheet' id='editor-buttons-css' href='https:\/\/ruralma.es\/wp-includes\/css\/editor.min.css?ver=6.9.4' type='text\/css' media='all' \/>\n<div id=\"wp-job_description-editor-container\" class=\"wp-editor-container\"><textarea class=\"wp-editor-area\" rows=\"8\" autocomplete=\"off\" cols=\"40\" name=\"job_description\" id=\"job_description\"><\/textarea><\/div>\n<\/div>\n\n\t\t\t\t<\/div>\n\t\t\t<\/fieldset>\n\t\t\n\t\t<div id=\"jmcsg-geocoder-fields-wrapper\" style=\"display:none\"><p><label for=\"jmcsg_street_number\">street_number<\/label><input type=\"text\" name=\"jmcsg_street_number\" id=\"jmcsg_street_number\" class=\"jmcsg-address-fields\" style=\"width:100%\" \/><\/p><p><label for=\"jmcsg_street\">street<\/label><input type=\"text\" name=\"jmcsg_street\" id=\"jmcsg_street\" class=\"jmcsg-address-fields\" style=\"width:100%\" \/><\/p><p><label for=\"jmcsg_city\">city<\/label><input type=\"text\" name=\"jmcsg_city\" id=\"jmcsg_city\" class=\"jmcsg-address-fields\" style=\"width:100%\" \/><\/p><p><label for=\"jmcsg_state_short\">state_short<\/label><input type=\"text\" name=\"jmcsg_state_short\" id=\"jmcsg_state_short\" class=\"jmcsg-address-fields\" style=\"width:100%\" \/><\/p><p><label for=\"jmcsg_state_long\">state_long<\/label><input type=\"text\" name=\"jmcsg_state_long\" id=\"jmcsg_state_long\" class=\"jmcsg-address-fields\" style=\"width:100%\" \/><\/p><p><label for=\"jmcsg_postcode\">postcode<\/label><input type=\"text\" name=\"jmcsg_postcode\" id=\"jmcsg_postcode\" class=\"jmcsg-address-fields\" style=\"width:100%\" \/><\/p><p><label for=\"jmcsg_country_short\">country_short<\/label><input type=\"text\" name=\"jmcsg_country_short\" id=\"jmcsg_country_short\" class=\"jmcsg-address-fields\" style=\"width:100%\" \/><\/p><p><label for=\"jmcsg_country_long\">country_long<\/label><input type=\"text\" name=\"jmcsg_country_long\" id=\"jmcsg_country_long\" class=\"jmcsg-address-fields\" style=\"width:100%\" \/><\/p><p><label for=\"jmcsg_lat\">lat<\/label><input type=\"text\" name=\"jmcsg_lat\" id=\"jmcsg_lat\" class=\"jmcsg-address-fields\" style=\"width:100%\" \/><\/p><p><label for=\"jmcsg_long\">long<\/label><input type=\"text\" name=\"jmcsg_long\" id=\"jmcsg_long\" class=\"jmcsg-address-fields\" style=\"width:100%\" \/><\/p><p><label for=\"jmcsg_formatted_address\">formatted_address<\/label><input type=\"text\" name=\"jmcsg_formatted_address\" id=\"jmcsg_formatted_address\" class=\"jmcsg-address-fields\" style=\"width:100%\" \/><\/p><\/div>\n\t\t<!-- Company Information Fields -->\n\t\t\t\t\t<h2>Detalles de la Empresa<\/h2>\n\n\t\t\t\n\t\t\t\t\t\t\t<fieldset class=\"fieldset-company_website\">\n\t\t\t\t\t<label for=\"company_website\">P\u00e1gina Web <small>(opcional)<\/small><\/label>\n\t\t\t\t\t<div class=\"field \">\n\t\t\t\t\t\t<input type=\"text\" class=\"input-text\" name=\"company_website\" id=\"company_website\" placeholder=\"http:\/\/\" value=\"\" maxlength=\"\"  \/>\n\t\t\t\t\t<\/div>\n\t\t\t\t<\/fieldset>\n\t\t\t\t\t\t\t<fieldset class=\"fieldset-phone\">\n\t\t\t\t\t<label for=\"phone\">N\u00famero de Tel\u00e9fono <small>(opcional)<\/small><\/label>\n\t\t\t\t\t<div class=\"field \">\n\t\t\t\t\t\t<input type=\"text\" class=\"input-text\" name=\"phone\" id=\"phone\" placeholder=\"\" value=\"\" maxlength=\"\"  \/>\n\t\t\t\t\t<\/div>\n\t\t\t\t<\/fieldset>\n\t\t\t\t\t\t\t<fieldset class=\"fieldset-company_video\">\n\t\t\t\t\t<label for=\"company_video\">V\u00eddeo <small>(opcional)<\/small><\/label>\n\t\t\t\t\t<div class=\"field \">\n\t\t\t\t\t\t<input type=\"text\" class=\"input-text\" name=\"company_video\" id=\"company_video\" placeholder=\"Enlace a su video empresarial\" value=\"\" maxlength=\"\"  \/>\n\t\t\t\t\t<\/div>\n\t\t\t\t<\/fieldset>\n\t\t\t\n\t\t\t\t\t\n\t\t\n\t\t<p>\n\t\t\t<input type=\"hidden\" name=\"job_manager_form\" value=\"submit-job\" \/>\n\t\t\t<input type=\"hidden\" name=\"job_id\" value=\"0\" \/>\n\t\t\t<input type=\"hidden\" name=\"step\" value=\"0\" \/>\n\t\t\t<input type=\"submit\" name=\"submit_job\" class=\"button\" value=\"Vista Previa\" \/>\n\t\t<\/p>\n\n\t<\/form>\n\n","protected":false},"excerpt":{"rendered":"","protected":false},"author":2,"featured_media":700,"parent":0,"menu_order":0,"comment_status":"closed","ping_status":"closed","template":"page-templates\/template-single-column.php","meta":{"footnotes":""},"class_list":["post-32","page","type-page","status-publish","has-post-thumbnail","hentry","content-box content-box-wrapper"],"_links":{"self":[{"href":"https:\/\/ruralma.es\/index.php\/wp-json\/wp\/v2\/pages\/32","targetHints":{"allow":["GET"]}}],"collection":[{"href":"https:\/\/ruralma.es\/index.php\/wp-json\/wp\/v2\/pages"}],"about":[{"href":"https:\/\/ruralma.es\/index.php\/wp-json\/wp\/v2\/types\/page"}],"author":[{"embeddable":true,"href":"https:\/\/ruralma.es\/index.php\/wp-json\/wp\/v2\/users\/2"}],"replies":[{"embeddable":true,"href":"https:\/\/ruralma.es\/index.php\/wp-json\/wp\/v2\/comments?post=32"}],"version-history":[{"count":1,"href":"https:\/\/ruralma.es\/index.php\/wp-json\/wp\/v2\/pages\/32\/revisions"}],"predecessor-version":[{"id":841,"href":"https:\/\/ruralma.es\/index.php\/wp-json\/wp\/v2\/pages\/32\/revisions\/841"}],"wp:featuredmedia":[{"embeddable":true,"href":"https:\/\/ruralma.es\/index.php\/wp-json\/wp\/v2\/media\/700"}],"wp:attachment":[{"href":"https:\/\/ruralma.es\/index.php\/wp-json\/wp\/v2\/media?parent=32"}],"curies":[{"name":"wp","href":"https:\/\/api.w.org\/{rel}","templated":true}]}}