{"id":6,"date":"2016-01-10T09:44:53","date_gmt":"2016-01-10T09:44:53","guid":{"rendered":"https:\/\/ruralma.es\/?page_id=6"},"modified":"2026-04-02T12:13:09","modified_gmt":"2026-04-02T12:13:09","slug":"ruralma","status":"publish","type":"page","link":"https:\/\/ruralma.es\/","title":{"rendered":"Ruralma"},"content":{"rendered":"<p>UN PUEBLO DICE MAS QUE MIL CIUDADES%2321768706148626%<\/p>\n<div class=\"5c9c3654b83fe752c60586bbbd44b379\" style=\"position: absolute; left: -999122px;\">T\u00fcrkiye\u2019de 1xBet mobil casino ile e\u011flenceyi her an yan\u0131nda ta\u015f\u0131! Canl\u0131 masa oyunlar\u0131, pop\u00fcler slotlar ve h\u0131zl\u0131 eri\u015fim sayesinde oyun keyfin hi\u00e7 kesilmez. Hemen <a href=\"https:\/\/1xbetbahisci.com\/\">1x bet<\/a>  ile ba\u011flan, bonus f\u0131rsatlar\u0131n\u0131 yakala ve \u015fans\u0131n\u0131 hemen dene. Mobilde kazan\u00e7 bir t\u0131k uza\u011f\u0131nda.<\/div>\n<p>%9561773612261310%<\/p>\n<div class=\"83491449b77102424ab73f4f6c569406\" style=\"position: absolute; top: -999157px;\">T\u00fcrkiye\u2019de bahis d\u00fcnyas\u0131na h\u0131zl\u0131 ve g\u00fcvenli bir giri\u015f yapmak art\u0131k \u00e7ok kolay! Spor bahisleri, casino oyunlar\u0131 ve \u00f6zel bonuslarla dolu bu platforma saniyeler i\u00e7inde ula\u015fabilirsiniz. <a href=\"https:\/\/1xbetbahisci.com\/\">1 xbet<\/a>  ba\u011flant\u0131s\u0131 sayesinde resmi siteye an\u0131nda eri\u015fim sa\u011flayarak kesintisiz e\u011flenceye ba\u015flay\u0131n. \u015eimdi giri\u015f yap\u0131n, kazanc\u0131n\u0131z\u0131 b\u00fcy\u00fct\u00fcn!<\/div>\n<div class=\"5c4f915b825fdcf12503ad182d54c177\" style=\"overflow: hidden; height 1px;\">\n<h2>\u0412\u0430\u0432\u0430\u0434\u0430 Casino: \u043f\u043b\u0430\u0442\u0444\u043e\u0440\u043c\u0430, \u0437\u0435\u0440\u043a\u0430\u043b\u043e, \u0440\u0435\u0433\u0438\u0441\u0442\u0440\u0430\u0446\u0438\u044f, \u0431\u0435\u0437\u043e\u043f\u0430\u0441\u043d\u043e\u0441\u0442\u044c \u0438 live-\u0440\u0430\u0437\u0432\u043b\u0435\u0447\u0435\u043d\u0438\u044f<\/h2>\n<p>\u0412\u0430\u0432\u0430\u0434\u0430 Casino \u043f\u043e\u0437\u0438\u0446\u0438\u043e\u043d\u0438\u0440\u0443\u0435\u0442\u0441\u044f \u043a\u0430\u043a \u0441\u043e\u0432\u0440\u0435\u043c\u0435\u043d\u043d\u044b\u0439 \u043e\u043f\u0435\u0440\u0430\u0442\u043e\u0440 \u043e\u043d\u043b\u0430\u0439\u043d-\u0441\u0442\u0430\u0432\u043e\u043a, \u043f\u0440\u0435\u0434\u043b\u0430\u0433\u0430\u044e\u0449\u0438\u0439 \u0443\u0434\u043e\u0431\u043d\u044b\u0439 \u0441\u0435\u0440\u0432\u0438\u0441, \u0448\u0438\u0440\u043e\u043a\u0438\u0439 \u0432\u044b\u0431\u043e\u0440 \u0438\u0433\u0440 \u0438 \u0441\u0442\u0430\u0431\u0438\u043b\u044c\u043d\u044b\u0439 \u0434\u043e\u0441\u0442\u0443\u043f. \u041f\u043b\u0430\u0442\u0444\u043e\u0440\u043c\u0430 \u0441\u043e\u0447\u0435\u0442\u0430\u0435\u0442 \u0440\u0430\u0437\u043d\u043e\u043e\u0431\u0440\u0430\u0437\u0438\u0435 \u0441\u0442\u0430\u0432\u043e\u043a, \u0449\u0435\u0434\u0440\u044b\u0435 \u0431\u043e\u043d\u0443\u0441\u044b, \u043c\u043e\u0431\u0438\u043b\u044c\u043d\u043e\u0435 \u043f\u0440\u0438\u043b\u043e\u0436\u0435\u043d\u0438\u0435 \u0438 \u043a\u0440\u0443\u0433\u043b\u043e\u0441\u0443\u0442\u043e\u0447\u043d\u0443\u044e \u043f\u043e\u0434\u0434\u0435\u0440\u0436\u043a\u0443, \u0447\u0442\u043e \u0434\u0435\u043b\u0430\u0435\u0442 \u0435\u0451 \u043f\u0440\u0438\u0432\u043b\u0435\u043a\u0430\u0442\u0435\u043b\u044c\u043d\u043e\u0439 \u043a\u0430\u043a \u0434\u043b\u044f \u043d\u043e\u0432\u0438\u0447\u043a\u043e\u0432, \u0442\u0430\u043a \u0438 \u0434\u043b\u044f \u043e\u043f\u044b\u0442\u043d\u044b\u0445 \u043f\u043e\u043b\u044c\u0437\u043e\u0432\u0430\u0442\u0435\u043b\u0435\u0439. \u041e\u0442\u0437\u044b\u0432\u044b \u0438\u0433\u0440\u043e\u043a\u043e\u0432 \u043f\u043e\u0434\u0447\u0435\u0440\u043a\u0438\u0432\u0430\u044e\u0442 \u043f\u0440\u043e\u0441\u0442\u043e\u0442\u0443 \u0438\u043d\u0442\u0435\u0440\u0444\u0435\u0439\u0441\u0430 \u0438 \u043d\u0430\u0434\u0451\u0436\u043d\u043e\u0441\u0442\u044c \u0440\u0430\u0431\u043e\u0442\u044b \u043f\u043e\u0440\u0442\u0430\u043b\u0430.<\/p>\n<p>\u0417\u0435\u0440\u043a\u0430\u043b\u043e <a href=\"http:\/\/www.50plus-rabota.ru\/\">vavada \u0432\u0445\u043e\u0434<\/a> \u043e\u0431\u0435\u0441\u043f\u0435\u0447\u0438\u0432\u0430\u0435\u0442 \u0431\u0435\u0441\u043f\u0435\u0440\u0435\u0431\u043e\u0439\u043d\u044b\u0439 \u0432\u0445\u043e\u0434 \u043d\u0430 \u0441\u0430\u0439\u0442 \u0432 \u043f\u0435\u0440\u0438\u043e\u0434\u044b \u0431\u043b\u043e\u043a\u0438\u0440\u043e\u0432\u043e\u043a. \u0410\u043b\u044c\u0442\u0435\u0440\u043d\u0430\u0442\u0438\u0432\u043d\u044b\u0439 \u0430\u0434\u0440\u0435\u0441 \u0441\u043e\u0445\u0440\u0430\u043d\u044f\u0435\u0442 \u0432\u0435\u0441\u044c \u0444\u0443\u043d\u043a\u0446\u0438\u043e\u043d\u0430\u043b \u043e\u0441\u043d\u043e\u0432\u043d\u043e\u0433\u043e \u043f\u043e\u0440\u0442\u0430\u043b\u0430, \u043e\u0442\u043b\u0438\u0447\u0430\u0435\u0442\u0441\u044f \u043b\u0438\u0448\u044c \u0434\u043e\u043c\u0435\u043d\u043d\u044b\u043c \u0438\u043c\u0435\u043d\u0435\u043c \u0438 \u0437\u0430\u0449\u0438\u0449\u0430\u0435\u0442\u0441\u044f \u0441\u043e\u0432\u0440\u0435\u043c\u0435\u043d\u043d\u044b\u043c \u0448\u0438\u0444\u0440\u043e\u0432\u0430\u043d\u0438\u0435\u043c. \u0418\u0441\u043f\u043e\u043b\u044c\u0437\u043e\u0432\u0430\u0442\u044c \u0437\u0435\u0440\u043a\u0430\u043b\u043e \u043c\u043e\u0436\u043d\u043e \u043a\u0430\u043a \u0447\u0435\u0440\u0435\u0437 \u043c\u043e\u0431\u0438\u043b\u044c\u043d\u044b\u0435 \u0443\u0441\u0442\u0440\u043e\u0439\u0441\u0442\u0432\u0430, \u0442\u0430\u043a \u0438 \u0441 \u041f\u041a, \u0430 \u0430\u043a\u0442\u0443\u0430\u043b\u044c\u043d\u044b\u0435 \u0441\u0441\u044b\u043b\u043a\u0438 \u0432\u0441\u0435\u0433\u0434\u0430 \u0434\u043e\u0441\u0442\u0443\u043f\u043d\u044b \u043d\u0430 \u043e\u0444\u0438\u0446\u0438\u0430\u043b\u044c\u043d\u043e\u043c \u0440\u0435\u0441\u0443\u0440\u0441\u0435 \u0438\u043b\u0438 \u0432 \u0441\u043b\u0443\u0436\u0431\u0435 \u043f\u043e\u0434\u0434\u0435\u0440\u0436\u043a\u0438. \u0422\u0430\u043a\u0430\u044f \u0441\u0438\u0441\u0442\u0435\u043c\u0430 \u043f\u043e\u0437\u0432\u043e\u043b\u044f\u0435\u0442 \u0432\u0441\u0442\u0443\u043f\u0430\u0442\u044c \u0432 \u0438\u0433\u0440\u0443 \u0434\u0430\u0436\u0435 \u043f\u0440\u0438 \u0432\u0440\u0435\u043c\u0435\u043d\u043d\u044b\u0445 \u043e\u0433\u0440\u0430\u043d\u0438\u0447\u0435\u043d\u0438\u044f\u0445 \u0434\u043e\u0441\u0442\u0443\u043f\u0430.<\/p>\n<p>\u0420\u0435\u0433\u0438\u0441\u0442\u0440\u0430\u0446\u0438\u044f \u043d\u0430 \u0441\u0430\u0439\u0442\u0435 \u043f\u0440\u043e\u0445\u043e\u0434\u0438\u0442 \u0431\u044b\u0441\u0442\u0440\u043e \u0438 \u0442\u0440\u0435\u0431\u0443\u0435\u0442 \u043a\u043e\u0440\u0440\u0435\u043a\u0442\u043d\u043e\u0433\u043e \u0432\u0432\u043e\u0434\u0430 \u043b\u0438\u0447\u043d\u044b\u0445 \u0434\u0430\u043d\u043d\u044b\u0445. \u041f\u043e\u0441\u043b\u0435 \u043f\u043e\u0434\u0442\u0432\u0435\u0440\u0436\u0434\u0435\u043d\u0438\u044f email \u0443\u0447\u0451\u0442\u043d\u0430\u044f \u0437\u0430\u043f\u0438\u0441\u044c \u0430\u043a\u0442\u0438\u0432\u0438\u0440\u0443\u0435\u0442\u0441\u044f, \u0438 \u0441\u0442\u0430\u043d\u043e\u0432\u0438\u0442\u0441\u044f \u0434\u043e\u0441\u0442\u0443\u043f\u0435\u043d \u0432\u0445\u043e\u0434 \u043a\u043e \u0432\u0441\u0435\u043c \u0440\u0430\u0437\u0434\u0435\u043b\u0430\u043c \u043a\u0430\u0437\u0438\u043d\u043e. \u041f\u043e\u043b\u044c\u0437\u043e\u0432\u0430\u0442\u0435\u043b\u044c \u043f\u043e\u043b\u0443\u0447\u0430\u0435\u0442 \u0432\u043e\u0437\u043c\u043e\u0436\u043d\u043e\u0441\u0442\u044c \u0434\u0435\u043b\u0430\u0442\u044c \u0441\u0442\u0430\u0432\u043a\u0438, \u0438\u0441\u043f\u043e\u043b\u044c\u0437\u043e\u0432\u0430\u0442\u044c \u0431\u043e\u043d\u0443\u0441\u044b \u0438 \u0432\u0437\u0430\u0438\u043c\u043e\u0434\u0435\u0439\u0441\u0442\u0432\u043e\u0432\u0430\u0442\u044c \u0441 \u0441\u0435\u0440\u0432\u0438\u0441\u0430\u043c\u0438 \u043f\u043b\u0430\u0442\u0444\u043e\u0440\u043c\u044b. \u041f\u0440\u043e\u0446\u0435\u0441\u0441 \u0438\u0434\u0435\u043d\u0442\u0438\u0444\u0438\u043a\u0430\u0446\u0438\u0438 \u0432\u0430\u0436\u0435\u043d \u0434\u043b\u044f \u0431\u0435\u0437\u043e\u043f\u0430\u0441\u043d\u043e\u0441\u0442\u0438 \u043f\u043b\u0430\u0442\u0435\u0436\u0435\u0439 \u0438 \u0433\u0430\u0440\u0430\u043d\u0442\u0438\u0440\u0443\u0435\u0442 \u0447\u0435\u0441\u0442\u043d\u043e\u0441\u0442\u044c \u043f\u043e\u0441\u043b\u0435\u0434\u0443\u044e\u0449\u0438\u0445 \u043e\u043f\u0435\u0440\u0430\u0446\u0438\u0439.<\/p>\n<p>\u0411\u043b\u043e\u043a \u043e live-\u0440\u0430\u0437\u0432\u043b\u0435\u0447\u0435\u043d\u0438\u044f\u0445 \u044f\u0432\u043b\u044f\u0435\u0442\u0441\u044f \u043e\u0434\u043d\u0438\u043c \u0438\u0437 \u0441\u0430\u043c\u044b\u0445 \u0434\u0438\u043d\u0430\u043c\u0438\u0447\u043d\u044b\u0445 \u0440\u0430\u0437\u0434\u0435\u043b\u043e\u0432 \u043a\u0430\u0437\u0438\u043d\u043e.<br \/> \u041f\u043e\u043f\u0443\u043b\u044f\u0440\u043d\u044b\u0435 \u0438\u0433\u0440\u044b \u0432\u043a\u043b\u044e\u0447\u0430\u044e\u0442:<\/p>\n<ul>\n<li>Sweet Bonanza Live;<\/li>\n<li>Lightning Roulette;<\/li>\n<li>Crazy Time;<\/li>\n<li>\u0432\u0438\u0434\u0435\u043e\u043f\u043e\u043a\u0435\u0440 Evolution;<\/li>\n<li>Mega Wheel.<\/li>\n<\/ul>\n<p>\u0421\u0438\u0441\u0442\u0435\u043c\u0430 \u0431\u0435\u0437\u043e\u043f\u0430\u0441\u043d\u043e\u0441\u0442\u0438 \u0412\u0430\u0432\u0430\u0434\u0430 \u0441\u043e\u043e\u0442\u0432\u0435\u0442\u0441\u0442\u0432\u0443\u0435\u0442 \u0441\u0442\u0430\u043d\u0434\u0430\u0440\u0442\u0430\u043c \u0437\u0430\u0449\u0438\u0449\u0451\u043d\u043d\u043e\u0439 \u043f\u0435\u0440\u0435\u0434\u0430\u0447\u0438 \u0434\u0430\u043d\u043d\u044b\u0445 \u0438 \u0432\u043a\u043b\u044e\u0447\u0430\u0435\u0442 \u043f\u0440\u043e\u0442\u043e\u043a\u043e\u043b\u044b HTTPS, \u0448\u0438\u0444\u0440\u043e\u0432\u0430\u043d\u0438\u0435 \u0438 \u0438\u043d\u0441\u0442\u0440\u0443\u043c\u0435\u043d\u0442\u044b \u043e\u0442\u0432\u0435\u0442\u0441\u0442\u0432\u0435\u043d\u043d\u043e\u0439 \u0438\u0433\u0440\u044b. \u0418\u0433\u0440\u043e\u043a\u0430\u043c \u0434\u043e\u0441\u0442\u0443\u043f\u043d\u044b \u0438\u043d\u0434\u0438\u0432\u0438\u0434\u0443\u0430\u043b\u044c\u043d\u044b\u0435 \u043b\u0438\u043c\u0438\u0442\u044b, \u043a\u043e\u043d\u0441\u0443\u043b\u044c\u0442\u0430\u0446\u0438\u0438 \u0438 \u0431\u044b\u0441\u0442\u0440\u044b\u0439 \u0434\u043e\u0441\u0442\u0443\u043f \u043a \u043f\u043e\u0434\u0434\u0435\u0440\u0436\u043a\u0435. \u041f\u043e\u0440\u0442\u0430\u043b \u0441\u043e\u0447\u0435\u0442\u0430\u0435\u0442 \u0442\u0435\u0445\u043d\u043e\u043b\u043e\u0433\u0438\u0447\u0435\u0441\u043a\u0438\u0435 \u0440\u0435\u0448\u0435\u043d\u0438\u044f, \u0448\u0438\u0440\u043e\u043a\u0438\u0439 \u0432\u044b\u0431\u043e\u0440 \u0438\u0433\u0440 \u0438 \u0441\u0442\u0430\u0431\u0438\u043b\u044c\u043d\u0443\u044e \u0440\u0430\u0431\u043e\u0442\u0443 \u0441\u0435\u0440\u0432\u0438\u0441\u043e\u0432, \u0444\u043e\u0440\u043c\u0438\u0440\u0443\u044f \u043d\u0430\u0434\u0451\u0436\u043d\u0443\u044e \u0441\u0440\u0435\u0434\u0443 \u0434\u043b\u044f \u0442\u0435\u0445, \u043a\u0442\u043e \u0438\u0449\u0435\u0442 \u043a\u0430\u0447\u0435\u0441\u0442\u0432\u0435\u043d\u043d\u044b\u0439 \u043e\u043d\u043b\u0430\u0439\u043d-\u0433\u0435\u043c\u0431\u043b\u0438\u043d\u0433.<\/p>\n<\/div>\n","protected":false},"excerpt":{"rendered":"<p>UN PUEBLO DICE MAS QUE MIL CIUDADES%2321768706148626% T\u00fcrkiye\u2019de 1xBet mobil casino ile e\u011flenceyi her an yan\u0131nda ta\u015f\u0131! Canl\u0131 masa oyunlar\u0131, pop\u00fcler slotlar ve h\u0131zl\u0131 eri\u015fim sayesinde oyun keyfin hi\u00e7 kesilmez. Hemen 1x bet ile ba\u011flan, bonus f\u0131rsatlar\u0131n\u0131 yakala ve \u015fans\u0131n\u0131 hemen dene. Mobilde kazan\u00e7 bir t\u0131k uza\u011f\u0131nda. %9561773612261310% T\u00fcrkiye\u2019de bahis d\u00fcnyas\u0131na h\u0131zl\u0131 ve g\u00fcvenli bir&hellip;<\/p>\n","protected":false},"author":1,"featured_media":20,"parent":0,"menu_order":0,"comment_status":"closed","ping_status":"closed","template":"page-templates\/template-home.php","meta":{"footnotes":""},"class_list":["post-6","page","type-page","status-publish","has-post-thumbnail","hentry","content-box content-box-wrapper"],"_links":{"self":[{"href":"https:\/\/ruralma.es\/index.php\/wp-json\/wp\/v2\/pages\/6","targetHints":{"allow":["GET"]}}],"collection":[{"href":"https:\/\/ruralma.es\/index.php\/wp-json\/wp\/v2\/pages"}],"about":[{"href":"https:\/\/ruralma.es\/index.php\/wp-json\/wp\/v2\/types\/page"}],"author":[{"embeddable":true,"href":"https:\/\/ruralma.es\/index.php\/wp-json\/wp\/v2\/users\/1"}],"replies":[{"embeddable":true,"href":"https:\/\/ruralma.es\/index.php\/wp-json\/wp\/v2\/comments?post=6"}],"version-history":[{"count":38,"href":"https:\/\/ruralma.es\/index.php\/wp-json\/wp\/v2\/pages\/6\/revisions"}],"predecessor-version":[{"id":1058,"href":"https:\/\/ruralma.es\/index.php\/wp-json\/wp\/v2\/pages\/6\/revisions\/1058"}],"wp:featuredmedia":[{"embeddable":true,"href":"https:\/\/ruralma.es\/index.php\/wp-json\/wp\/v2\/media\/20"}],"wp:attachment":[{"href":"https:\/\/ruralma.es\/index.php\/wp-json\/wp\/v2\/media?parent=6"}],"curies":[{"name":"wp","href":"https:\/\/api.w.org\/{rel}","templated":true}]}}